{"id":13549,"date":"2022-05-09T11:09:41","date_gmt":"2022-05-09T11:09:41","guid":{"rendered":"https:\/\/www.collvertcamping.com\/politica-dei-cookies\/"},"modified":"2022-05-09T11:09:41","modified_gmt":"2022-05-09T11:09:41","slug":"politica-dei-cookies","status":"publish","type":"page","link":"https:\/\/www.collvertcamping.com\/it\/politica-dei-cookies\/","title":{"rendered":"Politica dei Cookies"},"content":{"rendered":"[vc_row type=&#8221;in_container&#8221; full_screen_row_position=&#8221;middle&#8221; column_margin=&#8221;default&#8221; column_direction=&#8221;default&#8221; column_direction_tablet=&#8221;default&#8221; column_direction_phone=&#8221;default&#8221; scene_position=&#8221;center&#8221; top_padding=&#8221;180px&#8221; text_color=&#8221;dark&#8221; text_align=&#8221;left&#8221; row_border_radius=&#8221;none&#8221; row_border_radius_applies=&#8221;bg&#8221; overflow=&#8221;visible&#8221; advanced_gradient_angle=&#8221;0&#8243; overlay_strength=&#8221;0.3&#8243; gradient_direction=&#8221;left_to_right&#8221; shape_divider_position=&#8221;bottom&#8221; bg_image_animation=&#8221;none&#8221; gradient_type=&#8221;default&#8221; shape_type=&#8221;&#8221;][vc_column column_padding=&#8221;no-extra-padding&#8221; column_padding_tablet=&#8221;inherit&#8221; column_padding_phone=&#8221;inherit&#8221; column_padding_position=&#8221;all&#8221; column_element_spacing=&#8221;default&#8221; background_color_opacity=&#8221;1&#8243; background_hover_color_opacity=&#8221;1&#8243; column_shadow=&#8221;none&#8221; column_border_radius=&#8221;none&#8221; column_link_target=&#8221;_self&#8221; column_position=&#8221;default&#8221; gradient_direction=&#8221;left_to_right&#8221; overlay_strength=&#8221;0.3&#8243; width=&#8221;1\/1&#8243; tablet_width_inherit=&#8221;default&#8221; tablet_text_alignment=&#8221;default&#8221; phone_text_alignment=&#8221;default&#8221; animation_type=&#8221;default&#8221; bg_image_animation=&#8221;none&#8221; border_type=&#8221;simple&#8221; column_border_width=&#8221;none&#8221; column_border_style=&#8221;solid&#8221;][vc_column_text css=&#8221;.vc_custom_1651654268563{padding-bottom: 30px !important;}&#8221;]\n<h2>Politica dei Cookies<\/h2>\n[\/vc_column_text][vc_column_text]\n<p class=\"p1\">I cookie sono uno strumento utilizzato dai server Web per archiviare e recuperare informazioni sui propri utenti.<span class=\"Apple-converted-space\"> <\/span><\/p>\n<p class=\"p1\">I cookie sono messaggi inviati dal server al computer dell&#8217;utente, costituiti da file di testo che vengono archiviati nella memoria del computer e che raccolgono informazioni relative alle pagine visitate, al tempo di connessione a Internet ecc. I cookie vengono rispediti al server ogni volta che l&#8217;utente accede a quella pagina.<span class=\"Apple-converted-space\"> <\/span><\/p>\n<p class=\"p1\">Lo scopo dei cookie di Camping Coll Vert \u00e8 personalizzare i servizi che ti offriamo, fornendoti informazioni che potrebbero interessarti. Se non desideri che un cookie sia installato sul tuo disco rigido, puoi configurare il browser del tuo computer in modo che non li riceva.<\/p>\n<p class=\"p1\"><span class=\"Apple-converted-space\"> <\/span>I cookie sono associati solo a un utente anonimo e al suo computer e non forniscono di per s\u00e9 i dati personali del cliente, n\u00e9 non possono leggere i dati dal tuo disco rigido, n\u00e9 possono leggere i file cookie creati da altri provider.<span class=\"Apple-converted-space\"> <\/span><\/p>\n<p class=\"p1\">I cookie possono essere cancellati, accettati o bloccati a piacere, configurando il proprio browser. Possono anche essere distrutti manualmente.<\/p>\n<p class=\"p1\"><span class=\"Apple-converted-space\"> <\/span>Se i cookie sono disabilitati, alcune funzioni di questo sito Web saranno interessate.<\/p>\n<p class=\"p1\"><span class=\"Apple-converted-space\"> <\/span>Di seguito hai informazioni sulla configurazione dei browser pi\u00f9 utilizzati per l&#8217;uso dei cookie:<span class=\"Apple-converted -spazio\"> <\/span><\/p>\n<ul>\n<li class=\"p2\"><span class=\"s1\">Firefox <a href=\"http:\/\/support.mozilla.org\/es\/kb\/Delete%2520cookies?esab=a&amp;s=cookies&amp;r= 2&amp;as=s\"><span class=\"s2\">https:\/\/support.mozilla.org\/es\/kb\/Borrar%20cookies?esab=a&amp;s=cookies&amp;r=2&amp;as=s<\/ span><\/a><span class=\"Apple-converted-space\"> <\/span><\/span><\/li>\n<li class=\"p2\"><span class=\"s1\">Chrome <a href=\"http:\/\/support.google.com\/chrome\/bin\/answer.py?hl=es&amp;answer=95647\">< span class=\"s2\">https:\/\/support.google.com\/chrome\/bin\/answer.py?hl=es&amp;answer=95647<\/span><\/a><span class=\"Apple-converted-space \"> <\/span><\/span><\/li>\n<li class=\"p2\"><span class=\"s1\">Edge <a href=\"http:\/\/windows.microsoft.com\/es-es\/windows7\/how-to-manage-cookies-in-internet- explorer-9\"><span class=\"s2\">https:\/\/windows.microsoft.com\/es-es\/windows7\/how-to-manage-cookies-in-internet-explorer-9<\/span><\/ a><\/span><\/li>\n<li class=\"p1\">Safari <a href=\"http:\/\/support.apple.com\/kb\/ph5042\">https:\/\/support.apple.com\/kb\/ph5042<\/a><\/li>\n<li class=\"p2\"><span class=\"s1\">Opera <a href=\"http:\/\/help.opera.com\/Windows\/11.50\/es-ES\/cookies.html\"><span class=\" s2\">https:\/\/help.opera.com\/Windows\/11.50\/es-ES\/cookies.html<\/span><\/a><span class=\"Apple-converted-space\"> <\/span><\/ span><\/li>\n<\/ul>\n<p class=\"p1\">Per un funzionamento ottimale e una migliore esperienza utente, ti consigliamo di fare clic su &#8220;accetta&#8221; sull&#8217;avviso sui cookie che apparir\u00e0 la prima volta che accedi a questo sito web. I &#8220;log&#8221; sono file archiviati sul server di Camping Coll Vert che registrano dati sulla tua navigazione e ci consentono di continuare a fornire i servizi da te richiesti. Allo stesso modo, ci aiutano ad analizzare il funzionamento del sistema, individuare incidenti e problemi che possono sorgere e risolverli nel pi\u00f9 breve tempo possibile.<\/p>\n[\/vc_column_text][\/vc_column][\/vc_row]\n","protected":false},"excerpt":{"rendered":"<p>[vc_row type=&#8221;in_container&#8221; full_screen_row_position=&#8221;middle&#8221; column_margin=&#8221;default&#8221; column_direction=&#8221;default&#8221; column_direction_tablet=&#8221;default&#8221; column_direction_phone=&#8221;default&#8221; scene_position=&#8221;center&#8221; top_padding=&#8221;180px&#8221; text_color=&#8221;dark&#8221; text_align=&#8221;left&#8221; row_border_radius=&#8221;none&#8221; row_border_radius_applies=&#8221;bg&#8221; overflow=&#8221;visible&#8221; advanced_gradient_angle=&#8221;0&#8243; overlay_strength=&#8221;0.3&#8243; gradient_direction=&#8221;left_to_right&#8221; shape_divider_position=&#8221;bottom&#8221; bg_image_animation=&#8221;none&#8221; gradient_type=&#8221;default&#8221; shape_type=&#8221;&#8221;][vc_column column_padding=&#8221;no-extra-padding&#8221; column_padding_tablet=&#8221;inherit&#8221; column_padding_phone=&#8221;inherit&#8221; column_padding_position=&#8221;all&#8221; column_element_spacing=&#8221;default&#8221; background_color_opacity=&#8221;1&#8243; background_hover_color_opacity=&#8221;1&#8243; column_shadow=&#8221;none&#8221; column_border_radius=&#8221;none&#8221;&#8230;<\/p>\n","protected":false},"author":1,"featured_media":0,"parent":0,"menu_order":0,"comment_status":"closed","ping_status":"closed","template":"","meta":{"_exactmetrics_skip_tracking":false,"_exactmetrics_sitenote_active":false,"_exactmetrics_sitenote_note":"","_exactmetrics_sitenote_category":0,"footnotes":""},"class_list":["post-13549","page","type-page","status-publish"],"yoast_head":"<!-- This site is optimized with the Yoast SEO plugin v27.2 - https:\/\/yoast.com\/product\/yoast-seo-wordpress\/ -->\n<title>Politica dei Cookies - Camping Valencia Coll Vert<\/title>\n<meta name=\"robots\" content=\"index, follow, max-snippet:-1, max-image-preview:large, max-video-preview:-1\" \/>\n<link rel=\"canonical\" href=\"https:\/\/www.collvertcamping.com\/politica-de-cookies\/\" \/>\n<meta property=\"og:locale\" content=\"it_IT\" \/>\n<meta property=\"og:type\" content=\"article\" \/>\n<meta property=\"og:title\" content=\"Politica dei Cookies - Camping Valencia Coll Vert\" \/>\n<meta property=\"og:description\" content=\"[vc_row type=&#8221;in_container&#8221; full_screen_row_position=&#8221;middle&#8221; column_margin=&#8221;default&#8221; column_direction=&#8221;default&#8221; column_direction_tablet=&#8221;default&#8221; column_direction_phone=&#8221;default&#8221; scene_position=&#8221;center&#8221; top_padding=&#8221;180px&#8221; text_color=&#8221;dark&#8221; text_align=&#8221;left&#8221; row_border_radius=&#8221;none&#8221; row_border_radius_applies=&#8221;bg&#8221; overflow=&#8221;visible&#8221; advanced_gradient_angle=&#8221;0&#8243; overlay_strength=&#8221;0.3&#8243; gradient_direction=&#8221;left_to_right&#8221; shape_divider_position=&#8221;bottom&#8221; bg_image_animation=&#8221;none&#8221; gradient_type=&#8221;default&#8221; shape_type=&#8221;&#8221;][vc_column column_padding=&#8221;no-extra-padding&#8221; column_padding_tablet=&#8221;inherit&#8221; column_padding_phone=&#8221;inherit&#8221; column_padding_position=&#8221;all&#8221; column_element_spacing=&#8221;default&#8221; background_color_opacity=&#8221;1&#8243; background_hover_color_opacity=&#8221;1&#8243; column_shadow=&#8221;none&#8221; column_border_radius=&#8221;none&#8221;...\" \/>\n<meta property=\"og:url\" content=\"https:\/\/www.collvertcamping.com\/politica-de-cookies\/\" \/>\n<meta property=\"og:site_name\" content=\"Camping Valencia Coll Vert\" \/>\n<meta property=\"article:publisher\" content=\"https:\/\/www.facebook.com\/collvertcamping\/\" \/>\n<meta property=\"og:image\" content=\"https:\/\/www.collvertcamping.com\/wp-content\/uploads\/2017\/11\/nuevologo-campCOLLVERT-1.png\" \/>\n\t<meta property=\"og:image:width\" content=\"340\" \/>\n\t<meta property=\"og:image:height\" content=\"292\" \/>\n\t<meta property=\"og:image:type\" content=\"image\/png\" \/>\n<meta name=\"twitter:card\" content=\"summary_large_image\" \/>\n<meta name=\"twitter:label1\" content=\"Tempo di lettura stimato\" \/>\n\t<meta name=\"twitter:data1\" content=\"3 minuti\" \/>\n<script type=\"application\/ld+json\" class=\"yoast-schema-graph\">{\"@context\":\"https:\/\/schema.org\",\"@graph\":[{\"@type\":\"WebPage\",\"@id\":\"https:\/\/www.collvertcamping.com\/politica-de-cookies\/\",\"url\":\"https:\/\/www.collvertcamping.com\/politica-de-cookies\/\",\"name\":\"Politica dei Cookies - Camping Valencia Coll Vert\",\"isPartOf\":{\"@id\":\"https:\/\/www.collvertcamping.com\/#website\"},\"datePublished\":\"2022-05-09T11:09:41+00:00\",\"breadcrumb\":{\"@id\":\"https:\/\/www.collvertcamping.com\/politica-de-cookies\/#breadcrumb\"},\"inLanguage\":\"it-IT\",\"potentialAction\":[{\"@type\":\"ReadAction\",\"target\":[\"https:\/\/www.collvertcamping.com\/politica-de-cookies\/\"]}]},{\"@type\":\"BreadcrumbList\",\"@id\":\"https:\/\/www.collvertcamping.com\/politica-de-cookies\/#breadcrumb\",\"itemListElement\":[{\"@type\":\"ListItem\",\"position\":1,\"name\":\"Portada\",\"item\":\"https:\/\/www.collvertcamping.com\/\"},{\"@type\":\"ListItem\",\"position\":2,\"name\":\"Politica dei Cookies\"}]},{\"@type\":\"WebSite\",\"@id\":\"https:\/\/www.collvertcamping.com\/#website\",\"url\":\"https:\/\/www.collvertcamping.com\/\",\"name\":\"Camping Valencia Coll Vert\",\"description\":\"Collvert: Su Camping Valencia con Parcela Camping y Bungalows en Valencia\",\"potentialAction\":[{\"@type\":\"SearchAction\",\"target\":{\"@type\":\"EntryPoint\",\"urlTemplate\":\"https:\/\/www.collvertcamping.com\/?s={search_term_string}\"},\"query-input\":{\"@type\":\"PropertyValueSpecification\",\"valueRequired\":true,\"valueName\":\"search_term_string\"}}],\"inLanguage\":\"it-IT\"}]}<\/script>\n<!-- \/ Yoast SEO plugin. -->","yoast_head_json":{"title":"Politica dei Cookies - Camping Valencia Coll Vert","robots":{"index":"index","follow":"follow","max-snippet":"max-snippet:-1","max-image-preview":"max-image-preview:large","max-video-preview":"max-video-preview:-1"},"canonical":"https:\/\/www.collvertcamping.com\/politica-de-cookies\/","og_locale":"it_IT","og_type":"article","og_title":"Politica dei Cookies - Camping Valencia Coll Vert","og_description":"[vc_row type=&#8221;in_container&#8221; full_screen_row_position=&#8221;middle&#8221; column_margin=&#8221;default&#8221; column_direction=&#8221;default&#8221; column_direction_tablet=&#8221;default&#8221; column_direction_phone=&#8221;default&#8221; scene_position=&#8221;center&#8221; top_padding=&#8221;180px&#8221; text_color=&#8221;dark&#8221; text_align=&#8221;left&#8221; row_border_radius=&#8221;none&#8221; row_border_radius_applies=&#8221;bg&#8221; overflow=&#8221;visible&#8221; advanced_gradient_angle=&#8221;0&#8243; overlay_strength=&#8221;0.3&#8243; gradient_direction=&#8221;left_to_right&#8221; shape_divider_position=&#8221;bottom&#8221; bg_image_animation=&#8221;none&#8221; gradient_type=&#8221;default&#8221; shape_type=&#8221;&#8221;][vc_column column_padding=&#8221;no-extra-padding&#8221; column_padding_tablet=&#8221;inherit&#8221; column_padding_phone=&#8221;inherit&#8221; column_padding_position=&#8221;all&#8221; column_element_spacing=&#8221;default&#8221; background_color_opacity=&#8221;1&#8243; background_hover_color_opacity=&#8221;1&#8243; column_shadow=&#8221;none&#8221; column_border_radius=&#8221;none&#8221;...","og_url":"https:\/\/www.collvertcamping.com\/politica-de-cookies\/","og_site_name":"Camping Valencia Coll Vert","article_publisher":"https:\/\/www.facebook.com\/collvertcamping\/","og_image":[{"width":340,"height":292,"url":"https:\/\/www.collvertcamping.com\/wp-content\/uploads\/2017\/11\/nuevologo-campCOLLVERT-1.png","type":"image\/png"}],"twitter_card":"summary_large_image","twitter_misc":{"Tempo di lettura stimato":"3 minuti"},"schema":{"@context":"https:\/\/schema.org","@graph":[{"@type":"WebPage","@id":"https:\/\/www.collvertcamping.com\/politica-de-cookies\/","url":"https:\/\/www.collvertcamping.com\/politica-de-cookies\/","name":"Politica dei Cookies - Camping Valencia Coll Vert","isPartOf":{"@id":"https:\/\/www.collvertcamping.com\/#website"},"datePublished":"2022-05-09T11:09:41+00:00","breadcrumb":{"@id":"https:\/\/www.collvertcamping.com\/politica-de-cookies\/#breadcrumb"},"inLanguage":"it-IT","potentialAction":[{"@type":"ReadAction","target":["https:\/\/www.collvertcamping.com\/politica-de-cookies\/"]}]},{"@type":"BreadcrumbList","@id":"https:\/\/www.collvertcamping.com\/politica-de-cookies\/#breadcrumb","itemListElement":[{"@type":"ListItem","position":1,"name":"Portada","item":"https:\/\/www.collvertcamping.com\/"},{"@type":"ListItem","position":2,"name":"Politica dei Cookies"}]},{"@type":"WebSite","@id":"https:\/\/www.collvertcamping.com\/#website","url":"https:\/\/www.collvertcamping.com\/","name":"Camping Valencia Coll Vert","description":"Collvert: Su Camping Valencia con Parcela Camping y Bungalows en Valencia","potentialAction":[{"@type":"SearchAction","target":{"@type":"EntryPoint","urlTemplate":"https:\/\/www.collvertcamping.com\/?s={search_term_string}"},"query-input":{"@type":"PropertyValueSpecification","valueRequired":true,"valueName":"search_term_string"}}],"inLanguage":"it-IT"}]}},"_links":{"self":[{"href":"https:\/\/www.collvertcamping.com\/it\/wp-json\/wp\/v2\/pages\/13549","targetHints":{"allow":["GET"]}}],"collection":[{"href":"https:\/\/www.collvertcamping.com\/it\/wp-json\/wp\/v2\/pages"}],"about":[{"href":"https:\/\/www.collvertcamping.com\/it\/wp-json\/wp\/v2\/types\/page"}],"author":[{"embeddable":true,"href":"https:\/\/www.collvertcamping.com\/it\/wp-json\/wp\/v2\/users\/1"}],"replies":[{"embeddable":true,"href":"https:\/\/www.collvertcamping.com\/it\/wp-json\/wp\/v2\/comments?post=13549"}],"version-history":[{"count":1,"href":"https:\/\/www.collvertcamping.com\/it\/wp-json\/wp\/v2\/pages\/13549\/revisions"}],"predecessor-version":[{"id":13550,"href":"https:\/\/www.collvertcamping.com\/it\/wp-json\/wp\/v2\/pages\/13549\/revisions\/13550"}],"wp:attachment":[{"href":"https:\/\/www.collvertcamping.com\/it\/wp-json\/wp\/v2\/media?parent=13549"}],"curies":[{"name":"wp","href":"https:\/\/api.w.org\/{rel}","templated":true}]}}