{"id":13551,"date":"2022-05-09T11:10:47","date_gmt":"2022-05-09T11:10:47","guid":{"rendered":"https:\/\/www.collvertcamping.com\/politique-de-cookies\/"},"modified":"2022-05-09T11:10:48","modified_gmt":"2022-05-09T11:10:48","slug":"politique-de-cookies","status":"publish","type":"page","link":"https:\/\/www.collvertcamping.com\/fr\/politique-de-cookies\/","title":{"rendered":"Politique de cookies"},"content":{"rendered":"[vc_row type=\u00a0\u00bbin_container\u00a0\u00bb full_screen_row_position=\u00a0\u00bbmiddle\u00a0\u00bb column_margin=\u00a0\u00bbdefault\u00a0\u00bb column_direction=\u00a0\u00bbdefault\u00a0\u00bb column_direction_tablet=\u00a0\u00bbdefault\u00a0\u00bb column_direction_phone=\u00a0\u00bbdefault\u00a0\u00bb scene_position=\u00a0\u00bbcenter\u00a0\u00bb top_padding=\u00a0\u00bb180px\u00a0\u00bb text_color=\u00a0\u00bbdark\u00a0\u00bb text_align=\u00a0\u00bbleft\u00a0\u00bb row_border_radius=\u00a0\u00bbnone\u00a0\u00bb row_border_radius_applies=\u00a0\u00bbbg\u00a0\u00bb overflow=\u00a0\u00bbvisible\u00a0\u00bb advanced_gradient_angle=\u00a0\u00bb0&Prime; overlay_strength=\u00a0\u00bb0.3&Prime; gradient_direction=\u00a0\u00bbleft_to_right\u00a0\u00bb shape_divider_position=\u00a0\u00bbbottom\u00a0\u00bb bg_image_animation=\u00a0\u00bbnone\u00a0\u00bb gradient_type=\u00a0\u00bbdefault\u00a0\u00bb shape_type=\u00a0\u00bb\u00a0\u00bb][vc_column column_padding=\u00a0\u00bbno-extra-padding\u00a0\u00bb column_padding_tablet=\u00a0\u00bbinherit\u00a0\u00bb column_padding_phone=\u00a0\u00bbinherit\u00a0\u00bb column_padding_position=\u00a0\u00bball\u00a0\u00bb column_element_spacing=\u00a0\u00bbdefault\u00a0\u00bb background_color_opacity=\u00a0\u00bb1&Prime; background_hover_color_opacity=\u00a0\u00bb1&Prime; column_shadow=\u00a0\u00bbnone\u00a0\u00bb column_border_radius=\u00a0\u00bbnone\u00a0\u00bb column_link_target=\u00a0\u00bb_self\u00a0\u00bb column_position=\u00a0\u00bbdefault\u00a0\u00bb gradient_direction=\u00a0\u00bbleft_to_right\u00a0\u00bb overlay_strength=\u00a0\u00bb0.3&Prime; width=\u00a0\u00bb1\/1&Prime; tablet_width_inherit=\u00a0\u00bbdefault\u00a0\u00bb tablet_text_alignment=\u00a0\u00bbdefault\u00a0\u00bb phone_text_alignment=\u00a0\u00bbdefault\u00a0\u00bb animation_type=\u00a0\u00bbdefault\u00a0\u00bb bg_image_animation=\u00a0\u00bbnone\u00a0\u00bb border_type=\u00a0\u00bbsimple\u00a0\u00bb column_border_width=\u00a0\u00bbnone\u00a0\u00bb column_border_style=\u00a0\u00bbsolid\u00a0\u00bb][vc_column_text css=\u00a0\u00bb.vc_custom_1651654268563{padding-bottom: 30px !important;}\u00a0\u00bb]\n<h2>Politique de cookies<\/h2>\n[\/vc_column_text][vc_column_text]\n<p class=\"p1\">Les cookies sont un outil utilis\u00e9 par les serveurs Web pour stocker et r\u00e9cup\u00e9rer des informations sur leurs utilisateurs.<span class=\"Apple-converted-space\"> <\/span><\/p>\n<p class=\"p1\">Les cookies sont des messages envoy\u00e9s par le serveur \u00e0 l&rsquo;ordinateur de l&rsquo;utilisateur, constitu\u00e9s de fichiers texte qui sont stock\u00e9s dans la m\u00e9moire de l&rsquo;ordinateur et qui collectent des informations concernant les pages visit\u00e9es, le temps de connexion \u00e0 Internet, etc. Les cookies sont renvoy\u00e9s au serveur chaque fois que l&rsquo;utilisateur acc\u00e8de \u00e0 cette page.<span class=\"Apple-converted-space\"> <\/span><\/p>\n<p class=\"p1\">Les cookies du Camping Coll Vert ont pour finalit\u00e9 de personnaliser les services que nous vous proposons en vous apportant des informations susceptibles de vous int\u00e9resser. Si vous ne souhaitez pas qu&rsquo;un cookie soit install\u00e9 sur votre disque dur, vous pouvez configurer le navigateur de votre ordinateur pour ne pas les recevoir.<\/p>\n<p class=\"p1\"><span class=\"Apple-converted-space\"> <\/span>Les cookies sont uniquement associ\u00e9s \u00e0 un utilisateur anonyme et \u00e0 son ordinateur, et ne fournissent pas par eux-m\u00eames les donn\u00e9es personnelles du client, ni ils ne peuvent pas lire les donn\u00e9es de votre disque dur, ni lire les fichiers de cookies cr\u00e9\u00e9s par d&rsquo;autres fournisseurs.<span class=\"Apple-converted-space\"> <\/span><\/p>\n<p class=\"p1\">Les cookies peuvent \u00eatre supprim\u00e9s, accept\u00e9s ou bloqu\u00e9s \u00e0 volont\u00e9, en configurant votre navigateur. Ils peuvent \u00e9galement \u00eatre d\u00e9truits manuellement.<\/p>\n<p class=\"p1\"><span class=\"Apple-converted-space\"> <\/span>Si les cookies sont d\u00e9sactiv\u00e9s, certaines fonctions de ce site Web seront affect\u00e9es.<\/p>\n<p class=\"p1\"><span class=\"Apple-converted-space\"> <\/span>Vous trouverez ci-dessous des informations sur la configuration des navigateurs les plus utilis\u00e9s pour l&rsquo;utilisation des cookies :<span class=\"Apple-converted -espace\"> <\/span><\/p>\n<ul>\n<li class=\"p2\"><span class=\"s1\">Firefox <a href=\"http:\/\/support.mozilla.org\/es\/kb\/Delete%2520cookies?esab=a&amp;s=cookies&amp;r= 2&amp;as=s\"><span class=\"s2\">https:\/\/support.mozilla.org\/es\/kb\/Borrar%20cookies?esab=a&amp;s=cookies&amp;r=2&amp;as=s<\/ span><\/a><span class=\"Apple-converted-space\"> <\/span><\/span><\/li>\n<li class=\"p2\"><span class=\"s1\">Chrome <a href=\"http:\/\/support.google.com\/chrome\/bin\/answer.py?hl=es&amp;answer=95647\">< span class=\"s2\">https:\/\/support.google.com\/chrome\/bin\/answer.py?hl=es&amp;answer=95647<\/span><\/a><span class=\"Apple-converted-space \"> <\/span><\/span><\/li>\n<li class=\"p2\"><span class=\"s1\">Edge <a href=\"http:\/\/windows.microsoft.com\/es-es\/windows7\/how-to-manage-cookies-in-internet- explorer-9\"><span class=\"s2\">https:\/\/windows.microsoft.com\/es-es\/windows7\/how-to-manage-cookies-in-internet-explorer-9<\/span><\/ a><\/span><\/li>\n<li class=\"p1\">Safari <a href=\"http:\/\/support.apple.com\/kb\/ph5042\">https:\/\/support.apple.com\/kb\/ph5042<\/a><\/li>\n<li class=\"p2\"><span class=\"s1\">Op\u00e9ra <a href=\"http:\/\/help.opera.com\/Windows\/11.50\/es-ES\/cookies.html\"><span class=\" s2\">https:\/\/help.opera.com\/Windows\/11.50\/es-ES\/cookies.html<\/span><\/a><span class=\"Apple-converted-space\"> <\/span><\/ dur\u00e9e><\/li>\n<\/ul>\n<p class=\"p1\">Pour un fonctionnement optimal et une meilleure exp\u00e9rience utilisateur, nous vous recommandons de cliquer sur \u00ab\u00a0accepter\u00a0\u00bb sur l&rsquo;avis de cookie qui appara\u00eetra la premi\u00e8re fois que vous acc\u00e9derez \u00e0 ce site Web. Les \u00ab logs \u00bb sont des fichiers stock\u00e9s sur le serveur du Camping Coll Vert qui enregistrent des donn\u00e9es relatives \u00e0 votre navigation et nous permettent de continuer \u00e0 vous fournir les services que vous demandez. De m\u00eame, ils nous aident \u00e0 analyser le fonctionnement du syst\u00e8me, \u00e0 localiser les incidents et les probl\u00e8mes qui peuvent survenir et \u00e0 les r\u00e9soudre dans les plus brefs d\u00e9lais.<\/p>\n[\/vc_column_text][\/vc_column][\/vc_row]\n","protected":false},"excerpt":{"rendered":"<p>[vc_row type=\u00a0\u00bbin_container\u00a0\u00bb full_screen_row_position=\u00a0\u00bbmiddle\u00a0\u00bb column_margin=\u00a0\u00bbdefault\u00a0\u00bb column_direction=\u00a0\u00bbdefault\u00a0\u00bb column_direction_tablet=\u00a0\u00bbdefault\u00a0\u00bb column_direction_phone=\u00a0\u00bbdefault\u00a0\u00bb scene_position=\u00a0\u00bbcenter\u00a0\u00bb top_padding=\u00a0\u00bb180px\u00a0\u00bb text_color=\u00a0\u00bbdark\u00a0\u00bb text_align=\u00a0\u00bbleft\u00a0\u00bb row_border_radius=\u00a0\u00bbnone\u00a0\u00bb row_border_radius_applies=\u00a0\u00bbbg\u00a0\u00bb overflow=\u00a0\u00bbvisible\u00a0\u00bb advanced_gradient_angle=\u00a0\u00bb0&Prime; overlay_strength=\u00a0\u00bb0.3&Prime; gradient_direction=\u00a0\u00bbleft_to_right\u00a0\u00bb shape_divider_position=\u00a0\u00bbbottom\u00a0\u00bb bg_image_animation=\u00a0\u00bbnone\u00a0\u00bb gradient_type=\u00a0\u00bbdefault\u00a0\u00bb shape_type=\u00a0\u00bb\u00a0\u00bb][vc_column column_padding=\u00a0\u00bbno-extra-padding\u00a0\u00bb column_padding_tablet=\u00a0\u00bbinherit\u00a0\u00bb column_padding_phone=\u00a0\u00bbinherit\u00a0\u00bb column_padding_position=\u00a0\u00bball\u00a0\u00bb column_element_spacing=\u00a0\u00bbdefault\u00a0\u00bb background_color_opacity=\u00a0\u00bb1&Prime; background_hover_color_opacity=\u00a0\u00bb1&Prime; column_shadow=\u00a0\u00bbnone\u00a0\u00bb column_border_radius=\u00a0\u00bbnone\u00a0\u00bb&#8230;<\/p>\n","protected":false},"author":1,"featured_media":0,"parent":0,"menu_order":0,"comment_status":"closed","ping_status":"closed","template":"","meta":{"_exactmetrics_skip_tracking":false,"_exactmetrics_sitenote_active":false,"_exactmetrics_sitenote_note":"","_exactmetrics_sitenote_category":0,"footnotes":""},"class_list":["post-13551","page","type-page","status-publish"],"yoast_head":"<!-- This site is optimized with the Yoast SEO plugin v27.2 - https:\/\/yoast.com\/product\/yoast-seo-wordpress\/ -->\n<title>Politique de cookies - Camping Valencia Coll Vert<\/title>\n<meta name=\"robots\" content=\"index, follow, max-snippet:-1, max-image-preview:large, max-video-preview:-1\" \/>\n<link rel=\"canonical\" href=\"https:\/\/www.collvertcamping.com\/politica-de-cookies\/\" \/>\n<meta property=\"og:locale\" content=\"fr_FR\" \/>\n<meta property=\"og:type\" content=\"article\" \/>\n<meta property=\"og:title\" content=\"Politique de cookies - Camping Valencia Coll Vert\" \/>\n<meta property=\"og:description\" content=\"[vc_row type=\u00a0\u00bbin_container\u00a0\u00bb full_screen_row_position=\u00a0\u00bbmiddle\u00a0\u00bb column_margin=\u00a0\u00bbdefault\u00a0\u00bb column_direction=\u00a0\u00bbdefault\u00a0\u00bb column_direction_tablet=\u00a0\u00bbdefault\u00a0\u00bb column_direction_phone=\u00a0\u00bbdefault\u00a0\u00bb scene_position=\u00a0\u00bbcenter\u00a0\u00bb top_padding=\u00a0\u00bb180px\u00a0\u00bb text_color=\u00a0\u00bbdark\u00a0\u00bb text_align=\u00a0\u00bbleft\u00a0\u00bb row_border_radius=\u00a0\u00bbnone\u00a0\u00bb row_border_radius_applies=\u00a0\u00bbbg\u00a0\u00bb overflow=\u00a0\u00bbvisible\u00a0\u00bb advanced_gradient_angle=\u00a0\u00bb0&Prime; overlay_strength=\u00a0\u00bb0.3&Prime; gradient_direction=\u00a0\u00bbleft_to_right\u00a0\u00bb shape_divider_position=\u00a0\u00bbbottom\u00a0\u00bb bg_image_animation=\u00a0\u00bbnone\u00a0\u00bb gradient_type=\u00a0\u00bbdefault\u00a0\u00bb shape_type=\u00a0\u00bb\u00a0\u00bb][vc_column column_padding=\u00a0\u00bbno-extra-padding\u00a0\u00bb column_padding_tablet=\u00a0\u00bbinherit\u00a0\u00bb column_padding_phone=\u00a0\u00bbinherit\u00a0\u00bb column_padding_position=\u00a0\u00bball\u00a0\u00bb column_element_spacing=\u00a0\u00bbdefault\u00a0\u00bb background_color_opacity=\u00a0\u00bb1&Prime; background_hover_color_opacity=\u00a0\u00bb1&Prime; column_shadow=\u00a0\u00bbnone\u00a0\u00bb column_border_radius=\u00a0\u00bbnone\u00a0\u00bb...\" \/>\n<meta property=\"og:url\" content=\"https:\/\/www.collvertcamping.com\/politica-de-cookies\/\" \/>\n<meta property=\"og:site_name\" content=\"Camping Valencia Coll Vert\" \/>\n<meta property=\"article:publisher\" content=\"https:\/\/www.facebook.com\/collvertcamping\/\" \/>\n<meta property=\"article:modified_time\" content=\"2022-05-09T11:10:48+00:00\" \/>\n<meta property=\"og:image\" content=\"https:\/\/www.collvertcamping.com\/wp-content\/uploads\/2017\/11\/nuevologo-campCOLLVERT-1.png\" \/>\n\t<meta property=\"og:image:width\" content=\"340\" \/>\n\t<meta property=\"og:image:height\" content=\"292\" \/>\n\t<meta property=\"og:image:type\" content=\"image\/png\" \/>\n<meta name=\"twitter:card\" content=\"summary_large_image\" \/>\n<meta name=\"twitter:label1\" content=\"Dur\u00e9e de lecture estim\u00e9e\" \/>\n\t<meta name=\"twitter:data1\" content=\"3 minutes\" \/>\n<script type=\"application\/ld+json\" class=\"yoast-schema-graph\">{\"@context\":\"https:\/\/schema.org\",\"@graph\":[{\"@type\":\"WebPage\",\"@id\":\"https:\/\/www.collvertcamping.com\/politica-de-cookies\/\",\"url\":\"https:\/\/www.collvertcamping.com\/politica-de-cookies\/\",\"name\":\"Politique de cookies - Camping Valencia Coll Vert\",\"isPartOf\":{\"@id\":\"https:\/\/www.collvertcamping.com\/#website\"},\"datePublished\":\"2022-05-09T11:10:47+00:00\",\"dateModified\":\"2022-05-09T11:10:48+00:00\",\"breadcrumb\":{\"@id\":\"https:\/\/www.collvertcamping.com\/politica-de-cookies\/#breadcrumb\"},\"inLanguage\":\"fr-FR\",\"potentialAction\":[{\"@type\":\"ReadAction\",\"target\":[\"https:\/\/www.collvertcamping.com\/politica-de-cookies\/\"]}]},{\"@type\":\"BreadcrumbList\",\"@id\":\"https:\/\/www.collvertcamping.com\/politica-de-cookies\/#breadcrumb\",\"itemListElement\":[{\"@type\":\"ListItem\",\"position\":1,\"name\":\"Portada\",\"item\":\"https:\/\/www.collvertcamping.com\/\"},{\"@type\":\"ListItem\",\"position\":2,\"name\":\"Politique de cookies\"}]},{\"@type\":\"WebSite\",\"@id\":\"https:\/\/www.collvertcamping.com\/#website\",\"url\":\"https:\/\/www.collvertcamping.com\/\",\"name\":\"Camping Valencia Coll Vert\",\"description\":\"Camping Valencia Coll Vert, situado en playa de Pinedo, en el Parque Natural de la Albufera, Ideal para visitar Valencia, la Ciudad de las Artes y las Ciencias, el Parque Natural de la Albufera y las playas de Valencia.Ideal para visitar Valencia, la Ciudad de las Artes y las Ciencias, el Parque Natural de la Albufera y las playas de Valencia. Ideal para visitar Valencia, la Ciudad de las Artes y las Ciencias, el Parque Natural de la Albufera y las playas de Valencia.   Ideal para visitar Valencia, la Ciudad de las Artes y las Ciencias, el Parque Natural de la Albufera y las playas de Valencia.\",\"potentialAction\":[{\"@type\":\"SearchAction\",\"target\":{\"@type\":\"EntryPoint\",\"urlTemplate\":\"https:\/\/www.collvertcamping.com\/?s={search_term_string}\"},\"query-input\":{\"@type\":\"PropertyValueSpecification\",\"valueRequired\":true,\"valueName\":\"search_term_string\"}}],\"inLanguage\":\"fr-FR\"}]}<\/script>\n<!-- \/ Yoast SEO plugin. -->","yoast_head_json":{"title":"Politique de cookies - Camping Valencia Coll Vert","robots":{"index":"index","follow":"follow","max-snippet":"max-snippet:-1","max-image-preview":"max-image-preview:large","max-video-preview":"max-video-preview:-1"},"canonical":"https:\/\/www.collvertcamping.com\/politica-de-cookies\/","og_locale":"fr_FR","og_type":"article","og_title":"Politique de cookies - Camping Valencia Coll Vert","og_description":"[vc_row type=\u00a0\u00bbin_container\u00a0\u00bb full_screen_row_position=\u00a0\u00bbmiddle\u00a0\u00bb column_margin=\u00a0\u00bbdefault\u00a0\u00bb column_direction=\u00a0\u00bbdefault\u00a0\u00bb column_direction_tablet=\u00a0\u00bbdefault\u00a0\u00bb column_direction_phone=\u00a0\u00bbdefault\u00a0\u00bb scene_position=\u00a0\u00bbcenter\u00a0\u00bb top_padding=\u00a0\u00bb180px\u00a0\u00bb text_color=\u00a0\u00bbdark\u00a0\u00bb text_align=\u00a0\u00bbleft\u00a0\u00bb row_border_radius=\u00a0\u00bbnone\u00a0\u00bb row_border_radius_applies=\u00a0\u00bbbg\u00a0\u00bb overflow=\u00a0\u00bbvisible\u00a0\u00bb advanced_gradient_angle=\u00a0\u00bb0&Prime; overlay_strength=\u00a0\u00bb0.3&Prime; gradient_direction=\u00a0\u00bbleft_to_right\u00a0\u00bb shape_divider_position=\u00a0\u00bbbottom\u00a0\u00bb bg_image_animation=\u00a0\u00bbnone\u00a0\u00bb gradient_type=\u00a0\u00bbdefault\u00a0\u00bb shape_type=\u00a0\u00bb\u00a0\u00bb][vc_column column_padding=\u00a0\u00bbno-extra-padding\u00a0\u00bb column_padding_tablet=\u00a0\u00bbinherit\u00a0\u00bb column_padding_phone=\u00a0\u00bbinherit\u00a0\u00bb column_padding_position=\u00a0\u00bball\u00a0\u00bb column_element_spacing=\u00a0\u00bbdefault\u00a0\u00bb background_color_opacity=\u00a0\u00bb1&Prime; background_hover_color_opacity=\u00a0\u00bb1&Prime; column_shadow=\u00a0\u00bbnone\u00a0\u00bb column_border_radius=\u00a0\u00bbnone\u00a0\u00bb...","og_url":"https:\/\/www.collvertcamping.com\/politica-de-cookies\/","og_site_name":"Camping Valencia Coll Vert","article_publisher":"https:\/\/www.facebook.com\/collvertcamping\/","article_modified_time":"2022-05-09T11:10:48+00:00","og_image":[{"width":340,"height":292,"url":"https:\/\/www.collvertcamping.com\/wp-content\/uploads\/2017\/11\/nuevologo-campCOLLVERT-1.png","type":"image\/png"}],"twitter_card":"summary_large_image","twitter_misc":{"Dur\u00e9e de lecture estim\u00e9e":"3 minutes"},"schema":{"@context":"https:\/\/schema.org","@graph":[{"@type":"WebPage","@id":"https:\/\/www.collvertcamping.com\/politica-de-cookies\/","url":"https:\/\/www.collvertcamping.com\/politica-de-cookies\/","name":"Politique de cookies - Camping Valencia Coll Vert","isPartOf":{"@id":"https:\/\/www.collvertcamping.com\/#website"},"datePublished":"2022-05-09T11:10:47+00:00","dateModified":"2022-05-09T11:10:48+00:00","breadcrumb":{"@id":"https:\/\/www.collvertcamping.com\/politica-de-cookies\/#breadcrumb"},"inLanguage":"fr-FR","potentialAction":[{"@type":"ReadAction","target":["https:\/\/www.collvertcamping.com\/politica-de-cookies\/"]}]},{"@type":"BreadcrumbList","@id":"https:\/\/www.collvertcamping.com\/politica-de-cookies\/#breadcrumb","itemListElement":[{"@type":"ListItem","position":1,"name":"Portada","item":"https:\/\/www.collvertcamping.com\/"},{"@type":"ListItem","position":2,"name":"Politique de cookies"}]},{"@type":"WebSite","@id":"https:\/\/www.collvertcamping.com\/#website","url":"https:\/\/www.collvertcamping.com\/","name":"Camping Valencia Coll Vert","description":"Camping Valencia Coll Vert, situado en playa de Pinedo, en el Parque Natural de la Albufera, Ideal para visitar Valencia, la Ciudad de las Artes y las Ciencias, el Parque Natural de la Albufera y las playas de Valencia.Ideal para visitar Valencia, la Ciudad de las Artes y las Ciencias, el Parque Natural de la Albufera y las playas de Valencia. Ideal para visitar Valencia, la Ciudad de las Artes y las Ciencias, el Parque Natural de la Albufera y las playas de Valencia.   Ideal para visitar Valencia, la Ciudad de las Artes y las Ciencias, el Parque Natural de la Albufera y las playas de Valencia.","potentialAction":[{"@type":"SearchAction","target":{"@type":"EntryPoint","urlTemplate":"https:\/\/www.collvertcamping.com\/?s={search_term_string}"},"query-input":{"@type":"PropertyValueSpecification","valueRequired":true,"valueName":"search_term_string"}}],"inLanguage":"fr-FR"}]}},"_links":{"self":[{"href":"https:\/\/www.collvertcamping.com\/fr\/wp-json\/wp\/v2\/pages\/13551","targetHints":{"allow":["GET"]}}],"collection":[{"href":"https:\/\/www.collvertcamping.com\/fr\/wp-json\/wp\/v2\/pages"}],"about":[{"href":"https:\/\/www.collvertcamping.com\/fr\/wp-json\/wp\/v2\/types\/page"}],"author":[{"embeddable":true,"href":"https:\/\/www.collvertcamping.com\/fr\/wp-json\/wp\/v2\/users\/1"}],"replies":[{"embeddable":true,"href":"https:\/\/www.collvertcamping.com\/fr\/wp-json\/wp\/v2\/comments?post=13551"}],"version-history":[{"count":1,"href":"https:\/\/www.collvertcamping.com\/fr\/wp-json\/wp\/v2\/pages\/13551\/revisions"}],"predecessor-version":[{"id":13552,"href":"https:\/\/www.collvertcamping.com\/fr\/wp-json\/wp\/v2\/pages\/13551\/revisions\/13552"}],"wp:attachment":[{"href":"https:\/\/www.collvertcamping.com\/fr\/wp-json\/wp\/v2\/media?parent=13551"}],"curies":[{"name":"wp","href":"https:\/\/api.w.org\/{rel}","templated":true}]}}